{"id":34,"date":"2024-02-29T00:43:18","date_gmt":"2024-02-29T00:43:18","guid":{"rendered":"https:\/\/isjn.com.ar\/inicio\/about\/"},"modified":"2024-03-24T21:49:59","modified_gmt":"2024-03-24T21:49:59","slug":"historia-del-instituto","status":"publish","type":"page","link":"https:\/\/isjn.com.ar\/inicio\/historia-del-instituto\/","title":{"rendered":"Historia del Instituto"},"content":{"rendered":"\n<p>La historia del Instituto Jes\u00fas de Nazareth comienza el 13 de marzo del 1995 en la ciudad de Posadas, Misiones. Un proyecto que comenz\u00f3 como un sue\u00f1o de sus fundadores con el \u00fanico objetivo de formar personas capaces, autosuficientes, emp\u00e1ticas y con la capacidad de ser excelentes profesionales en un futuro, pero sobre todo buenas personas.<\/p>\n\n\n\n<p>El primer a\u00f1o, cont\u00e1bamos con tan solo 296 estudiantes y \u00bc de la estructura edilicia que hoy podemos ofrecer. Cada profesor, directivo, alumno y familia dio lo mejor de s\u00ed para sacar adelante lo que hoy es una meta (de tantas futuras) cumplida. Su primer director fue Luis Manuel Fragueiro , qui\u00e9n ten\u00eda como sue\u00f1o alcanzar los 1000 estudiantes. En este primer a\u00f1o, la instituci\u00f3n contaba con una divisi\u00f3n de primer a s\u00e9ptimo grado en el turno ma\u00f1ana y nivel inicial, mientras que por la tarde contaba \u00fanicamente con nivel inicial y un primer grado.<\/p>\n\n\n\n<p>Ya en el a\u00f1o 2000, cont\u00e1bamos  con todos los grados del nivel primario en ambos turnos e incluso dos divisiones por cada uno. Ese mismo a\u00f1o, se crea el nivel secundario, siendo polimodal en ese momento cuya primer orientaci\u00f3n fue &#8220;Ciencias Naturales&#8221;, al a\u00f1o siguiente se habilit\u00f3 la orientaci\u00f3n en &#8220;Econom\u00eda y Gesti\u00f3n de las Organizaciones&#8221;.<\/p>\n\n\n\n<p>Desde sus inicios fue un trabajo conjunto de docentes, directivos, padres y alumnos para el crecimiento de la instituci\u00f3n. De eso estamos muy orgullosos ya que nos permiti\u00f3 llegar al d\u00eda de hoy, con m\u00e1s de 1700 alumnos y 4 niveles : Inicial, primario, secundario y Superior.<\/p>\n\n\n\n<h3 class=\"wp-block-heading\">En la actualidad, nuestra historia sigue construy\u00e9ndose<\/h3>\n\n\n\n<p>Este \u00faltimo, fue habilitado en el a\u00f1o 2018 con la <a href=\"https:\/\/isjn.com.ar\/inicio\/tecnicatura-superior-en-redes-informaticas-nivel-superior\/\">&#8220;Tecnicatura Superior en Redes inform\u00e1ticas&#8221;<\/a>, una carrera de 3 a\u00f1os de duraci\u00f3n con excelente salida laboral  en distintos campos dentro y fuera del mundo de la inform\u00e1tica.<\/p>\n\n\n\n<p>Esperamos en un futuro llegar a m\u00e1s alumnos, as\u00ed como tener muchas m\u00e1s carreras  y servicios que ofrecer, para seguir construyendo juntos la historia del instituto . Nuestra misi\u00f3n es formar personas capaces, autosuficientes, emp\u00e1ticas y con la capacidad de ser excelentes profesionales en un futuro, pero por sobre todo buenas personas.<\/p>\n","protected":false},"excerpt":{"rendered":"<p>La historia del Instituto Jes\u00fas de Nazareth comienza el 13 de marzo del 1995 en la ciudad de Posadas, Misiones. Un proyecto que comenz\u00f3 como un sue\u00f1o de sus fundadores con el \u00fanico objetivo de formar personas capaces, autosuficientes, emp\u00e1ticas y con la capacidad de ser excelentes profesionales en un futuro, pero sobre todo buenas [&hellip;]<\/p>\n","protected":false},"author":1,"featured_media":0,"parent":0,"menu_order":0,"comment_status":"closed","ping_status":"closed","template":"","meta":{"_themeisle_gutenberg_block_has_review":false,"_glsr_average":0,"_glsr_ranking":0,"_glsr_reviews":0,"footnotes":""},"class_list":["post-34","page","type-page","status-publish","hentry"],"yoast_head":"<!-- This site is optimized with the Yoast SEO plugin v27.5 - https:\/\/yoast.com\/product\/yoast-seo-wordpress\/ -->\n<title>Historia del Instituto - Instituto Superior Jes\u00fas de Nazareth<\/title>\n<meta name=\"description\" content=\"La historia del instituto Superior Jes\u00fas de Nazareth se remonta al 15 de marzo de 1995, en la ciudad de Posadas Misiones donde fue fundado.\" \/>\n<meta name=\"robots\" content=\"index, follow, max-snippet:-1, max-image-preview:large, max-video-preview:-1\" \/>\n<link rel=\"canonical\" href=\"https:\/\/isjn.com.ar\/inicio\/historia-del-instituto\/\" \/>\n<meta property=\"og:locale\" content=\"es_ES\" \/>\n<meta property=\"og:type\" content=\"article\" \/>\n<meta property=\"og:title\" content=\"Historia del Instituto - Instituto Superior Jes\u00fas de Nazareth\" \/>\n<meta property=\"og:description\" content=\"La historia del instituto Superior Jes\u00fas de Nazareth se remonta al 15 de marzo de 1995, en la ciudad de Posadas Misiones donde fue fundado.\" \/>\n<meta property=\"og:url\" content=\"https:\/\/isjn.com.ar\/inicio\/historia-del-instituto\/\" \/>\n<meta property=\"og:site_name\" content=\"Instituto Superior Jes\u00fas de Nazareth\" \/>\n<meta property=\"article:publisher\" content=\"https:\/\/www.facebook.com\/InstitutoSJN\/\" \/>\n<meta property=\"article:modified_time\" content=\"2024-03-24T21:49:59+00:00\" \/>\n<meta property=\"og:image\" content=\"https:\/\/mldeuitflnwt.i.optimole.com\/w:auto\/h:auto\/q:mauto\/ig:avif\/https:\/\/isjn.com.ar\/inicio\/wp-content\/uploads\/2024\/02\/cropped-LOGO-ISJN-OF.png\" \/>\n\t<meta property=\"og:image:width\" content=\"2434\" \/>\n\t<meta property=\"og:image:height\" content=\"2418\" \/>\n\t<meta property=\"og:image:type\" content=\"image\/png\" \/>\n<meta name=\"twitter:card\" content=\"summary_large_image\" \/>\n<meta name=\"twitter:label1\" content=\"Tiempo de lectura\" \/>\n\t<meta name=\"twitter:data1\" content=\"2 minutos\" \/>\n<script type=\"application\/ld+json\" class=\"yoast-schema-graph\">{\"@context\":\"https:\\\/\\\/schema.org\",\"@graph\":[{\"@type\":\"WebPage\",\"@id\":\"https:\\\/\\\/isjn.com.ar\\\/inicio\\\/historia-del-instituto\\\/\",\"url\":\"https:\\\/\\\/isjn.com.ar\\\/inicio\\\/historia-del-instituto\\\/\",\"name\":\"Historia del Instituto - Instituto Superior Jes\u00fas de Nazareth\",\"isPartOf\":{\"@id\":\"https:\\\/\\\/isjn.com.ar\\\/inicio\\\/#website\"},\"datePublished\":\"2024-02-29T00:43:18+00:00\",\"dateModified\":\"2024-03-24T21:49:59+00:00\",\"description\":\"La historia del instituto Superior Jes\u00fas de Nazareth se remonta al 15 de marzo de 1995, en la ciudad de Posadas Misiones donde fue fundado.\",\"breadcrumb\":{\"@id\":\"https:\\\/\\\/isjn.com.ar\\\/inicio\\\/historia-del-instituto\\\/#breadcrumb\"},\"inLanguage\":\"es\",\"potentialAction\":[{\"@type\":\"ReadAction\",\"target\":[\"https:\\\/\\\/isjn.com.ar\\\/inicio\\\/historia-del-instituto\\\/\"]}]},{\"@type\":\"BreadcrumbList\",\"@id\":\"https:\\\/\\\/isjn.com.ar\\\/inicio\\\/historia-del-instituto\\\/#breadcrumb\",\"itemListElement\":[{\"@type\":\"ListItem\",\"position\":1,\"name\":\"Portada\",\"item\":\"https:\\\/\\\/isjn.com.ar\\\/inicio\\\/\"},{\"@type\":\"ListItem\",\"position\":2,\"name\":\"Historia del Instituto\"}]},{\"@type\":\"WebSite\",\"@id\":\"https:\\\/\\\/isjn.com.ar\\\/inicio\\\/#website\",\"url\":\"https:\\\/\\\/isjn.com.ar\\\/inicio\\\/\",\"name\":\"Instituto Superior Jes\u00fas de Nazareth\",\"description\":\"Instituto de Educaci\u00f3n inicial, primaria, secundaria y superior\",\"publisher\":{\"@id\":\"https:\\\/\\\/isjn.com.ar\\\/inicio\\\/#organization\"},\"alternateName\":\"ISJN\",\"potentialAction\":[{\"@type\":\"SearchAction\",\"target\":{\"@type\":\"EntryPoint\",\"urlTemplate\":\"https:\\\/\\\/isjn.com.ar\\\/inicio\\\/?s={search_term_string}\"},\"query-input\":{\"@type\":\"PropertyValueSpecification\",\"valueRequired\":true,\"valueName\":\"search_term_string\"}}],\"inLanguage\":\"es\"},{\"@type\":\"Organization\",\"@id\":\"https:\\\/\\\/isjn.com.ar\\\/inicio\\\/#organization\",\"name\":\"Instituto Superior Jes\u00fas de Nazareth\",\"url\":\"https:\\\/\\\/isjn.com.ar\\\/inicio\\\/\",\"logo\":{\"@type\":\"ImageObject\",\"inLanguage\":\"es\",\"@id\":\"https:\\\/\\\/isjn.com.ar\\\/inicio\\\/#\\\/schema\\\/logo\\\/image\\\/\",\"url\":\"https:\\/\\/isjn.com.ar\\/inicio\\/wp-content\\/uploads\\/2024\\/02\\/cropped-LOGO-ISJN-OF.png\",\"contentUrl\":\"https:\\/\\/isjn.com.ar\\/inicio\\/wp-content\\/uploads\\/2024\\/02\\/cropped-LOGO-ISJN-OF.png\",\"width\":2434,\"height\":2418,\"caption\":\"Instituto Superior Jes\u00fas de Nazareth\"},\"image\":{\"@id\":\"https:\\\/\\\/isjn.com.ar\\\/inicio\\\/#\\\/schema\\\/logo\\\/image\\\/\"},\"sameAs\":[\"https:\\\/\\\/www.facebook.com\\\/InstitutoSJN\\\/\",\"https:\\\/\\\/www.instagram.com\\\/instituto.sjn\\\/\"]}]}<\/script>\n<!-- \/ Yoast SEO plugin. -->","yoast_head_json":{"title":"Historia del Instituto - Instituto Superior Jes\u00fas de Nazareth","description":"La historia del instituto Superior Jes\u00fas de Nazareth se remonta al 15 de marzo de 1995, en la ciudad de Posadas Misiones donde fue fundado.","robots":{"index":"index","follow":"follow","max-snippet":"max-snippet:-1","max-image-preview":"max-image-preview:large","max-video-preview":"max-video-preview:-1"},"canonical":"https:\/\/isjn.com.ar\/inicio\/historia-del-instituto\/","og_locale":"es_ES","og_type":"article","og_title":"Historia del Instituto - Instituto Superior Jes\u00fas de Nazareth","og_description":"La historia del instituto Superior Jes\u00fas de Nazareth se remonta al 15 de marzo de 1995, en la ciudad de Posadas Misiones donde fue fundado.","og_url":"https:\/\/isjn.com.ar\/inicio\/historia-del-instituto\/","og_site_name":"Instituto Superior Jes\u00fas de Nazareth","article_publisher":"https:\/\/www.facebook.com\/InstitutoSJN\/","article_modified_time":"2024-03-24T21:49:59+00:00","og_image":[{"width":2434,"height":2418,"url":"https:\/\/mldeuitflnwt.i.optimole.com\/w:auto\/h:auto\/q:mauto\/ig:avif\/https:\/\/isjn.com.ar\/inicio\/wp-content\/uploads\/2024\/02\/cropped-LOGO-ISJN-OF.png","type":"image\/png"}],"twitter_card":"summary_large_image","twitter_misc":{"Tiempo de lectura":"2 minutos"},"schema":{"@context":"https:\/\/schema.org","@graph":[{"@type":"WebPage","@id":"https:\/\/isjn.com.ar\/inicio\/historia-del-instituto\/","url":"https:\/\/isjn.com.ar\/inicio\/historia-del-instituto\/","name":"Historia del Instituto - Instituto Superior Jes\u00fas de Nazareth","isPartOf":{"@id":"https:\/\/isjn.com.ar\/inicio\/#website"},"datePublished":"2024-02-29T00:43:18+00:00","dateModified":"2024-03-24T21:49:59+00:00","description":"La historia del instituto Superior Jes\u00fas de Nazareth se remonta al 15 de marzo de 1995, en la ciudad de Posadas Misiones donde fue fundado.","breadcrumb":{"@id":"https:\/\/isjn.com.ar\/inicio\/historia-del-instituto\/#breadcrumb"},"inLanguage":"es","potentialAction":[{"@type":"ReadAction","target":["https:\/\/isjn.com.ar\/inicio\/historia-del-instituto\/"]}]},{"@type":"BreadcrumbList","@id":"https:\/\/isjn.com.ar\/inicio\/historia-del-instituto\/#breadcrumb","itemListElement":[{"@type":"ListItem","position":1,"name":"Portada","item":"https:\/\/isjn.com.ar\/inicio\/"},{"@type":"ListItem","position":2,"name":"Historia del Instituto"}]},{"@type":"WebSite","@id":"https:\/\/isjn.com.ar\/inicio\/#website","url":"https:\/\/isjn.com.ar\/inicio\/","name":"Instituto Superior Jes\u00fas de Nazareth","description":"Instituto de Educaci\u00f3n inicial, primaria, secundaria y superior","publisher":{"@id":"https:\/\/isjn.com.ar\/inicio\/#organization"},"alternateName":"ISJN","potentialAction":[{"@type":"SearchAction","target":{"@type":"EntryPoint","urlTemplate":"https:\/\/isjn.com.ar\/inicio\/?s={search_term_string}"},"query-input":{"@type":"PropertyValueSpecification","valueRequired":true,"valueName":"search_term_string"}}],"inLanguage":"es"},{"@type":"Organization","@id":"https:\/\/isjn.com.ar\/inicio\/#organization","name":"Instituto Superior Jes\u00fas de Nazareth","url":"https:\/\/isjn.com.ar\/inicio\/","logo":{"@type":"ImageObject","inLanguage":"es","@id":"https:\/\/isjn.com.ar\/inicio\/#\/schema\/logo\/image\/","url":"https:\/\/mldeuitflnwt.i.optimole.com\/w:auto\/h:auto\/q:mauto\/ig:avif\/https:\/\/isjn.com.ar\/inicio\/wp-content\/uploads\/2024\/02\/cropped-LOGO-ISJN-OF.png","contentUrl":"https:\/\/mldeuitflnwt.i.optimole.com\/w:auto\/h:auto\/q:mauto\/ig:avif\/https:\/\/isjn.com.ar\/inicio\/wp-content\/uploads\/2024\/02\/cropped-LOGO-ISJN-OF.png","width":2434,"height":2418,"caption":"Instituto Superior Jes\u00fas de Nazareth"},"image":{"@id":"https:\/\/isjn.com.ar\/inicio\/#\/schema\/logo\/image\/"},"sameAs":["https:\/\/www.facebook.com\/InstitutoSJN\/","https:\/\/www.instagram.com\/instituto.sjn\/"]}]}},"_links":{"self":[{"href":"https:\/\/isjn.com.ar\/inicio\/wp-json\/wp\/v2\/pages\/34","targetHints":{"allow":["GET"]}}],"collection":[{"href":"https:\/\/isjn.com.ar\/inicio\/wp-json\/wp\/v2\/pages"}],"about":[{"href":"https:\/\/isjn.com.ar\/inicio\/wp-json\/wp\/v2\/types\/page"}],"author":[{"embeddable":true,"href":"https:\/\/isjn.com.ar\/inicio\/wp-json\/wp\/v2\/users\/1"}],"replies":[{"embeddable":true,"href":"https:\/\/isjn.com.ar\/inicio\/wp-json\/wp\/v2\/comments?post=34"}],"version-history":[{"count":6,"href":"https:\/\/isjn.com.ar\/inicio\/wp-json\/wp\/v2\/pages\/34\/revisions"}],"predecessor-version":[{"id":212,"href":"https:\/\/isjn.com.ar\/inicio\/wp-json\/wp\/v2\/pages\/34\/revisions\/212"}],"wp:attachment":[{"href":"https:\/\/isjn.com.ar\/inicio\/wp-json\/wp\/v2\/media?parent=34"}],"curies":[{"name":"wp","href":"https:\/\/api.w.org\/{rel}","templated":true}]}}